{"id":23,"date":"2017-06-24T02:38:06","date_gmt":"2017-06-24T02:38:06","guid":{"rendered":"https:\/\/www.viamed.com.br\/saude\/?page_id=23"},"modified":"2023-04-03T11:18:36","modified_gmt":"2023-04-03T14:18:36","slug":"contato","status":"publish","type":"page","link":"https:\/\/www.viamed.com.br\/saude\/contato\/","title":{"rendered":"Contato"},"content":{"rendered":"<section class=\"wpb-content-wrapper\"><p>[vc_row][vc_column][vc_custom_heading text=&#8221;Seja bem-vindo a&#8221; font_container=&#8221;tag:h3|font_size:24|text_align:center|color:%237a7992&#8243; google_fonts=&#8221;font_family:Arizonia%3Aregular|font_style:400%20regular%3A400%3Anormal&#8221; css=&#8221;.vc_custom_1680529284393{margin-bottom: -3px !important;}&#8221;][vc_custom_heading text=&#8221;Viamed Sa\u00fade e Est\u00e9tica&#8221; font_container=&#8221;tag:h3|font_size:36|text_align:center|color:%232d2c40&#8243; google_fonts=&#8221;font_family:Creepster%3Aregular|font_style:400%20regular%3A400%3Anormal&#8221; el_class=&#8221;font-custom&#8221; css=&#8221;.vc_custom_1680529299364{margin-bottom: 14px !important;}&#8221;][vc_column_text css=&#8221;.vc_custom_1499919469662{margin-bottom: 33px !important;}&#8221;]<\/p>\n<div class=\"line-ef text-center\"><img decoding=\"async\" loading=\"lazy\" class=\"alignnone size-full wp-image-59\" src=\"https:\/\/www.viamed.com.br\/saude\/wp-content\/uploads\/2017\/06\/icon_image.png\" alt=\"\" width=\"41\" height=\"17\" \/><\/div>\n<p>[\/vc_column_text][vc_column_text css=&#8221;.vc_custom_1680529434740{padding-bottom: 43px !important;}&#8221;]<\/p>\n<div class=\"text-block-custom\">\n<h3>Como podemos te ajudar?<\/h3>\n<h4>Entre em contato com a <strong class=\"red\">Viamed Sa\u00fade e Est\u00e9tica<\/strong> atrav\u00e9s dos dados abaixo.<\/h4>\n<\/div>\n<p>[\/vc_column_text][\/vc_column][\/vc_row][vc_row css=&#8221;.vc_custom_1500000180954{padding-bottom: 43px !important;}&#8221;][vc_column][vc_raw_html]JTNDaWZyYW1lJTIwc3JjJTNEJTIyaHR0cHMlM0ElMkYlMkZ3d3cuZ29vZ2xlLmNvbSUyRm1hcHMlMkZlbWJlZCUzRnBiJTNEJTIxMW0xOCUyMTFtMTIlMjExbTMlMjExZDM2NTYuNzA5Nzg0MDA0NDc3NiUyMTJkLTQ2LjY0NzcyOTg4NTE5NTklMjEzZC0yMy41Nzg4NjQ0ODQ2NzQxNjMlMjEybTMlMjExZjAlMjEyZjAlMjEzZjAlMjEzbTIlMjExaTEwMjQlMjEyaTc2OCUyMTRmMTMuMSUyMTNtMyUyMTFtMiUyMTFzMHg5NGNlNTk5MTkwYzE4MDY3JTI1M0EweDViZWFiNGViNWE2Zjc4ZjElMjEyc1IuJTI1MjBFc3RlbGElMjUyQyUyNTIwNTE1JTI1MjAtJTI1MjBhJTI1MjA5MSUyNTIwLSUyNTIwVmlsYSUyNTIwTWFyaWFuYSUyNTJDJTI1MjBTJTI1QzMlMjVBM28lMjUyMFBhdWxvJTI1MjAtJTI1MjBTUCUyNTJDJTI1MjAwNDAxMS0wMDIlMjE1ZTAlMjEzbTIlMjExc3B0LUJSJTIxMnNiciUyMTR2MTY4MDUyOTUzMTYxNSUyMTVtMiUyMTFzcHQtQlIlMjEyc2JyJTIyJTIwd2lkdGglM0QlMjIxOTIwJTIyJTIwaGVpZ2h0JTNEJTIyNDUwJTIyJTIwc3R5bGUlM0QlMjJib3JkZXIlM0EwJTNCJTIyJTIwYWxsb3dmdWxsc2NyZWVuJTNEJTIyJTIyJTIwbG9hZGluZyUzRCUyMmxhenklMjIlMjByZWZlcnJlcnBvbGljeSUzRCUyMm5vLXJlZmVycmVyLXdoZW4tZG93bmdyYWRlJTIyJTNFJTNDJTJGaWZyYW1lJTNF[\/vc_raw_html][\/vc_column][\/vc_row][vc_row][vc_column width=&#8221;1\/3&#8243;][vc_custom_heading text=&#8221;Redes Sociais&#8221; font_container=&#8221;tag:h3|font_size:24|text_align:center|color:%232d2c40&#8243; google_fonts=&#8221;font_family:Creepster%3Aregular|font_style:400%20regular%3A400%3Anormal&#8221; el_class=&#8221;font-custom&#8221; css=&#8221;.vc_custom_1680529811354{margin-bottom: 14px !important;}&#8221;][vc_column_text css=&#8221;.vc_custom_1499919469662{margin-bottom: 33px !important;}&#8221;]<\/p>\n<div class=\"line-ef text-center\"><img decoding=\"async\" loading=\"lazy\" class=\"alignnone size-full wp-image-59\" src=\"https:\/\/www.viamed.com.br\/saude\/wp-content\/uploads\/2017\/06\/icon_image.png\" alt=\"\" width=\"41\" height=\"17\" \/><\/div>\n<p>[\/vc_column_text][vc_row_inner equal_height=&#8221;yes&#8221; content_placement=&#8221;middle&#8221;][vc_column_inner width=&#8221;1\/3&#8243;][vc_icon icon_fontawesome=&#8221;fab fa-facebook-f&#8221; color=&#8221;custom&#8221; background_style=&#8221;rounded&#8221; background_color=&#8221;custom&#8221; size=&#8221;xs&#8221; align=&#8221;right&#8221; link=&#8221;url:https%3A%2F%2Fwww.facebook.com%2Fprofile.php%3Fid%3D100090869210896|title:Facebook|target:_blank&#8221; custom_color=&#8221;#ffffff&#8221; custom_background_color=&#8221;#e26991&#8243;][\/vc_column_inner][vc_column_inner width=&#8221;2\/3&#8243;][vc_column_text css=&#8221;.vc_custom_1680530439169{padding-top: 7px !important;}&#8221;]<\/p>\n<h4><span style=\"color: #e26991;\">Facebook<\/span><\/h4>\n<p>[\/vc_column_text][\/vc_column_inner][\/vc_row_inner][vc_row_inner equal_height=&#8221;yes&#8221; content_placement=&#8221;middle&#8221; css=&#8221;.vc_custom_1680531509231{padding-top: 10px !important;}&#8221;][vc_column_inner width=&#8221;1\/3&#8243;][vc_icon icon_fontawesome=&#8221;fab fa-instagram&#8221; color=&#8221;custom&#8221; background_style=&#8221;rounded&#8221; background_color=&#8221;custom&#8221; size=&#8221;xs&#8221; align=&#8221;right&#8221; link=&#8221;url:https%3A%2F%2Fwww.instagram.com%2Fviamedsaude%2F|title:Instagram|target:_blank&#8221; custom_color=&#8221;#ffffff&#8221; custom_background_color=&#8221;#e26991&#8243;][\/vc_column_inner][vc_column_inner width=&#8221;2\/3&#8243;][vc_column_text css=&#8221;.vc_custom_1680530517984{padding-top: 7px !important;}&#8221;]<\/p>\n<h4><span style=\"color: #e26991;\">Instagram<\/span><\/h4>\n<p>[\/vc_column_text][\/vc_column_inner][\/vc_row_inner][\/vc_column][vc_column width=&#8221;1\/3&#8243;][vc_custom_heading text=&#8221;Contato | Endere\u00e7o&#8221; font_container=&#8221;tag:h3|font_size:24|text_align:center|color:%232d2c40&#8243; google_fonts=&#8221;font_family:Creepster%3Aregular|font_style:400%20regular%3A400%3Anormal&#8221; el_class=&#8221;font-custom&#8221; css=&#8221;.vc_custom_1680530651704{margin-bottom: 14px !important;}&#8221;][vc_column_text css=&#8221;.vc_custom_1499919469662{margin-bottom: 33px !important;}&#8221;]<\/p>\n<div class=\"line-ef text-center\"><img decoding=\"async\" loading=\"lazy\" class=\"alignnone size-full wp-image-59\" src=\"https:\/\/www.viamed.com.br\/saude\/wp-content\/uploads\/2017\/06\/icon_image.png\" alt=\"\" width=\"41\" height=\"17\" \/><\/div>\n<p>[\/vc_column_text][vc_column_text el_class=&#8221;contact-box&#8221;]<\/p>\n<p style=\"text-align: center;\"><a href=\"https:\/\/web.whatsapp.com\/send?phone=5511943287268&amp;text=Ol%C3%A1,%20eu%20estou%20entrando%20em%20contato%20atrav%C3%A9s%20do%20site%20Viamed%20Sa\u00fade%20e%20Est\u00e9tica\">(11) 94328-7268<\/a><br \/>\n<a href=\"mailto:rosana@viamed.com.br\">rosana@viamed.com.br<\/a><\/p>\n<p style=\"text-align: center;\">Rua Estela, 515<br \/>\nBloco A \u2013 Conj. 91<br \/>\nPara\u00edso \u2013 S\u00e3o Paulo-SP<br \/>\nCEP: 04011-002<\/p>\n<p>[\/vc_column_text][\/vc_column][vc_column width=&#8221;1\/3&#8243;][vc_custom_heading text=&#8221;Grupos Viamed&#8221; font_container=&#8221;tag:h3|font_size:24|text_align:center|color:%232d2c40&#8243; google_fonts=&#8221;font_family:Creepster%3Aregular|font_style:400%20regular%3A400%3Anormal&#8221; el_class=&#8221;font-custom&#8221; css=&#8221;.vc_custom_1680530572575{margin-bottom: 14px !important;}&#8221;][vc_column_text css=&#8221;.vc_custom_1499919469662{margin-bottom: 33px !important;}&#8221;]<\/p>\n<div class=\"line-ef text-center\"><img decoding=\"async\" loading=\"lazy\" class=\"alignnone size-full wp-image-59\" src=\"https:\/\/www.viamed.com.br\/saude\/wp-content\/uploads\/2017\/06\/icon_image.png\" alt=\"\" width=\"41\" height=\"17\" \/><\/div>\n<p>[\/vc_column_text][vc_empty_space][vc_btn title=&#8221;Fa\u00e7a parte do nosso grupo no Facebook &#8211; Viamed Sa\u00fade e Est\u00e9tica&#8221; color=&#8221;blue&#8221; link=&#8221;url:https%3A%2F%2Fwww.facebook.com%2Fgroups%2F1402676130493692|title:Grupo%20Facebook%20-%20Viamed%20Sa%C3%BAde%20e%20Est%C3%A9tica|target:_blank&#8221;][vc_empty_space][vc_btn title=&#8221;Fa\u00e7a parte do nosso grupo especial de WhatsApp&#8221; color=&#8221;green&#8221; link=&#8221;url:https%3A%2F%2Fchat.whatsapp.com%2FL9lYPvjgxZWGTKh2FCCcY1|title:Grupo%20Facebook%20-%20Viamed%20Sa%C3%BAde%20e%20Est%C3%A9tica|target:_blank&#8221;][\/vc_column][\/vc_row][vc_row][vc_column][vc_separator color=&#8221;custom&#8221; accent_color=&#8221;#ebebeb&#8221; css=&#8221;.vc_custom_1500000597588{padding-top: 41px !important;padding-bottom: 45px !important;}&#8221;][\/vc_column][\/vc_row][vc_row css=&#8221;.vc_custom_1500003939842{padding-bottom: 49px !important;}&#8221;][vc_column][vc_custom_heading text=&#8221;Contato&#8221; font_container=&#8221;tag:h3|font_size:30|text_align:center|color:%232d2c40&#8243; el_class=&#8221;font-custom&#8221; css=&#8221;.vc_custom_1680530925150{margin-bottom: 10px !important;}&#8221;][vc_column_text css=&#8221;.vc_custom_1680531048316{padding-bottom: 34px !important;}&#8221;]<\/p>\n<div class=\"text-block-custom\">\n<p>Em caso de d\u00favida, sugest\u00f5es ou caso queira saber mais sobre nossos tratamentos, entre em contato pelo formul\u00e1rio abaixo.<\/p>\n<\/div>\n<p>[\/vc_column_text]\n<div class=\"wpcf7 no-js\" id=\"wpcf7-f789-o1\" lang=\"en-US\" dir=\"ltr\">\n<div class=\"screen-reader-response\"><p role=\"status\" aria-live=\"polite\" aria-atomic=\"true\"><\/p> <ul><\/ul><\/div>\n<form action=\"\/saude\/wp-json\/wp\/v2\/pages\/23#wpcf7-f789-o1\" method=\"post\" class=\"wpcf7-form init\" aria-label=\"Contact form\" novalidate=\"novalidate\" data-status=\"init\">\n<div style=\"display: none;\">\n<input type=\"hidden\" name=\"_wpcf7\" value=\"789\" \/>\n<input type=\"hidden\" name=\"_wpcf7_version\" value=\"5.7.7\" \/>\n<input type=\"hidden\" name=\"_wpcf7_locale\" value=\"en_US\" \/>\n<input type=\"hidden\" name=\"_wpcf7_unit_tag\" value=\"wpcf7-f789-o1\" \/>\n<input type=\"hidden\" name=\"_wpcf7_container_post\" value=\"0\" \/>\n<input type=\"hidden\" name=\"_wpcf7_posted_data_hash\" value=\"\" \/>\n<\/div>\n<div class=\"form-page-contact row\">\n\t<div class=\"col-lg-4 col-md-4 col-sm-12 col-xs-12\">\n\t\t<p><span class=\"wpcf7-form-control-wrap\" data-name=\"text-167\"><input size=\"40\" class=\"wpcf7-form-control wpcf7-text wpcf7-validates-as-required\" aria-required=\"true\" aria-invalid=\"false\" placeholder=\"Nome\" value=\"\" type=\"text\" name=\"text-167\" \/><\/span>\n\t\t<\/p>\n\t<\/div>\n\t<div class=\"col-lg-4 col-md-4 col-sm-12 col-xs-12\">\n\t\t<p><span class=\"wpcf7-form-control-wrap\" data-name=\"email-262\"><input size=\"40\" class=\"wpcf7-form-control wpcf7-text wpcf7-email wpcf7-validates-as-required wpcf7-validates-as-email\" aria-required=\"true\" aria-invalid=\"false\" placeholder=\"E-mail\" value=\"\" type=\"email\" name=\"email-262\" \/><\/span>\n\t\t<\/p>\n\t<\/div>\n\t<div class=\"col-lg-4 col-md-4 col-sm-12 col-xs-12\">\n\t\t<p><span class=\"wpcf7-form-control-wrap\" data-name=\"url-531\"><input size=\"40\" class=\"wpcf7-form-control wpcf7-text wpcf7-url wpcf7-validates-as-required wpcf7-validates-as-url\" aria-required=\"true\" aria-invalid=\"false\" placeholder=\"DDD + Telefone \/ Celular\" value=\"\" type=\"url\" name=\"url-531\" \/><\/span>\n\t\t<\/p>\n\t<\/div>\n\t<div class=\"col-lg-12 col-md-12 col-sm-12 col-xs-12\">\n\t\t<p><span class=\"wpcf7-form-control-wrap\" data-name=\"textarea-801\"><textarea cols=\"40\" rows=\"10\" class=\"wpcf7-form-control wpcf7-textarea wpcf7-validates-as-required\" aria-required=\"true\" aria-invalid=\"false\" placeholder=\"Mensagem\" name=\"textarea-801\"><\/textarea><\/span>\n\t\t<\/p>\n\t<\/div>\n\t<div class=\"col-lg-12 col-md-12 col-sm-12 col-xs-12 text-center\">\n\t\t<p><input class=\"wpcf7-form-control has-spinner wpcf7-submit\" type=\"submit\" value=\"Enviar\" \/>\n\t\t<\/p>\n\t<\/div>\n<\/div><div class=\"wpcf7-response-output\" aria-hidden=\"true\"><\/div>\n<\/form>\n<\/div>\n[\/vc_column][\/vc_row]<\/p>\n<\/section>","protected":false},"excerpt":{"rendered":"<p>[vc_row][vc_column][vc_custom_heading text=&#8221;Seja bem-vindo a&#8221; font_container=&#8221;tag:h3|font_size:24|text_align:center|color:%237a7992&#8243; google_fonts=&#8221;font_family:Arizonia%3Aregular|font_style:400%20regular%3A400%3Anormal&#8221; css=&#8221;.vc_custom_1680529284393{margin-bottom: -3px !important;}&#8221;][vc_custom_heading text=&#8221;Viamed Sa\u00fade e Est\u00e9tica&#8221; font_container=&#8221;tag:h3|font_size:36|text_align:center|color:%232d2c40&#8243; google_fonts=&#8221;font_family:Creepster%3Aregular|font_style:400%20regular%3A400%3Anormal&#8221; el_class=&#8221;font-custom&#8221; css=&#8221;.vc_custom_1680529299364{margin-bottom: 14px !important;}&#8221;][vc_column_text css=&#8221;.vc_custom_1499919469662{margin-bottom: 33px !important;}&#8221;] [\/vc_column_text][vc_column_text css=&#8221;.vc_custom_1680529434740{padding-bottom: 43px !important;}&#8221;] Como podemos te ajudar? Entre em contato com a Viamed Sa\u00fade e Est\u00e9tica atrav\u00e9s dos dados abaixo. [\/vc_column_text][\/vc_column][\/vc_row][vc_row css=&#8221;.vc_custom_1500000180954{padding-bottom: 43px !important;}&#8221;][vc_column][vc_raw_html]JTNDaWZyYW1lJTIwc3JjJTNEJTIyaHR0cHMlM0ElMkYlMkZ3d3cuZ29vZ2xlLmNvbSUyRm1hcHMlMkZlbWJlZCUzRnBiJTNEJTIxMW0xOCUyMTFtMTIlMjExbTMlMjExZDM2NTYuNzA5Nzg0MDA0NDc3NiUyMTJkLTQ2LjY0NzcyOTg4NTE5NTklMjEzZC0yMy41Nzg4NjQ0ODQ2NzQxNjMlMjEybTMlMjExZjAlMjEyZjAlMjEzZjAlMjEzbTIlMjExaTEwMjQlMjEyaTc2OCUyMTRmMTMuMSUyMTNtMyUyMTFtMiUyMTFzMHg5NGNlNTk5MTkwYzE4MDY3JTI1M0EweDViZWFiNGViNWE2Zjc4ZjElMjEyc1IuJTI1MjBFc3RlbGElMjUyQyUyNTIwNTE1JTI1MjAtJTI1MjBhJTI1MjA5MSUyNTIwLSUyNTIwVmlsYSUyNTIwTWFyaWFuYSUyNTJDJTI1MjBTJTI1QzMlMjVBM28lMjUyMFBhdWxvJTI1MjAtJTI1MjBTUCUyNTJDJTI1MjAwNDAxMS0wMDIlMjE1ZTAlMjEzbTIlMjExc3B0LUJSJTIxMnNiciUyMTR2MTY4MDUyOTUzMTYxNSUyMTVtMiUyMTFzcHQtQlIlMjEyc2JyJTIyJTIwd2lkdGglM0QlMjIxOTIwJTIyJTIwaGVpZ2h0JTNEJTIyNDUwJTIyJTIwc3R5bGUlM0QlMjJib3JkZXIlM0EwJTNCJTIyJTIwYWxsb3dmdWxsc2NyZWVuJTNEJTIyJTIyJTIwbG9hZGluZyUzRCUyMmxhenklMjIlMjByZWZlcnJlcnBvbGljeSUzRCUyMm5vLXJlZmVycmVyLXdoZW4tZG93bmdyYWRlJTIyJTNFJTNDJTJGaWZyYW1lJTNF[\/vc_raw_html][\/vc_column][\/vc_row][vc_row][vc_column width=&#8221;1\/3&#8243;][vc_custom_heading text=&#8221;Redes Sociais&#8221; font_container=&#8221;tag:h3|font_size:24|text_align:center|color:%232d2c40&#8243; google_fonts=&#8221;font_family:Creepster%3Aregular|font_style:400%20regular%3A400%3Anormal&#8221; el_class=&#8221;font-custom&#8221; css=&#8221;.vc_custom_1680529811354{margin-bottom: 14px [&hellip;]<\/p>\n","protected":false},"author":1,"featured_media":0,"parent":0,"menu_order":0,"comment_status":"closed","ping_status":"closed","template":"","meta":[],"_links":{"self":[{"href":"https:\/\/www.viamed.com.br\/saude\/wp-json\/wp\/v2\/pages\/23"}],"collection":[{"href":"https:\/\/www.viamed.com.br\/saude\/wp-json\/wp\/v2\/pages"}],"about":[{"href":"https:\/\/www.viamed.com.br\/saude\/wp-json\/wp\/v2\/types\/page"}],"author":[{"embeddable":true,"href":"https:\/\/www.viamed.com.br\/saude\/wp-json\/wp\/v2\/users\/1"}],"replies":[{"embeddable":true,"href":"https:\/\/www.viamed.com.br\/saude\/wp-json\/wp\/v2\/comments?post=23"}],"version-history":[{"count":6,"href":"https:\/\/www.viamed.com.br\/saude\/wp-json\/wp\/v2\/pages\/23\/revisions"}],"predecessor-version":[{"id":2939,"href":"https:\/\/www.viamed.com.br\/saude\/wp-json\/wp\/v2\/pages\/23\/revisions\/2939"}],"wp:attachment":[{"href":"https:\/\/www.viamed.com.br\/saude\/wp-json\/wp\/v2\/media?parent=23"}],"curies":[{"name":"wp","href":"https:\/\/api.w.org\/{rel}","templated":true}]}}